{"id":181,"date":"2023-01-02T20:36:55","date_gmt":"2023-01-02T19:36:55","guid":{"rendered":"https:\/\/klaudiapietrzak.pl\/?page_id=181"},"modified":"2023-01-03T00:29:44","modified_gmt":"2023-01-02T23:29:44","slug":"kontakt","status":"publish","type":"page","link":"https:\/\/klaudiapietrzak.pl\/?page_id=181","title":{"rendered":"Kontakt"},"content":{"rendered":"<p>[et_pb_section fb_built=&#8221;1&#8243; _builder_version=&#8221;4.17.3&#8243; _module_preset=&#8221;default&#8221; background_color=&#8221;#426d49&#8243; background_image=&#8221;https:\/\/klaudiapietrzak.pl\/wp-content\/uploads\/2023\/01\/liscie-na-tlo.jpg&#8221; custom_padding=&#8221;30px||30px||false|false&#8221; global_colors_info=&#8221;{}&#8221;][\/et_pb_section][et_pb_section fb_built=&#8221;1&#8243; _builder_version=&#8221;4.17.3&#8243; _module_preset=&#8221;default&#8221; custom_padding=&#8221;40px||30px|||&#8221; global_colors_info=&#8221;{}&#8221;][et_pb_row _builder_version=&#8221;4.17.3&#8243; _module_preset=&#8221;default&#8221; global_colors_info=&#8221;{}&#8221;][et_pb_column type=&#8221;4_4&#8243; _builder_version=&#8221;4.17.3&#8243; _module_preset=&#8221;default&#8221; global_colors_info=&#8221;{}&#8221;][dsm_text_divider header=&#8221;Chcesz rozpocz\u0105\u0107 ze mn\u0105 wsp\u00f3\u0142prac\u0119?&#8221; _builder_version=&#8221;4.17.3&#8243; _module_preset=&#8221;default&#8221; header_font_size=&#8221;25px&#8221; hover_enabled=&#8221;0&#8243; global_colors_info=&#8221;{}&#8221; sticky_enabled=&#8221;0&#8243; disabled_on=&#8221;on|off|off&#8221;][\/dsm_text_divider][et_pb_text _builder_version=&#8221;4.19.4&#8243; _module_preset=&#8221;default&#8221; header_2_font_size=&#8221;25px&#8221; hover_enabled=&#8221;0&#8243; sticky_enabled=&#8221;0&#8243; disabled_on=&#8221;off|on|on&#8221;]<\/p>\n<h2>Chcesz rozpocz\u0105\u0107 ze mn\u0105 wsp\u00f3\u0142prac\u0119?<\/h2>\n<p>[\/et_pb_text][dsm_text_divider header=&#8221;A mo\u017ce masz jakie\u015b dodatkowe pytania?&#8221; divider_style=&#8221;dashed&#8221; _builder_version=&#8221;4.17.3&#8243; _module_preset=&#8221;default&#8221; header_font_size=&#8221;20px&#8221; global_colors_info=&#8221;{}&#8221; disabled_on=&#8221;on|off|off&#8221;][\/dsm_text_divider][et_pb_text _builder_version=&#8221;4.19.4&#8243; _module_preset=&#8221;default&#8221; header_3_font_size=&#8221;20px&#8221; hover_enabled=&#8221;0&#8243; sticky_enabled=&#8221;0&#8243; disabled_on=&#8221;off|on|on&#8221;]<\/p>\n<h3>A mo\u017ce masz jakie\u015b dodatkowe pytania?<\/h3>\n<p>[\/et_pb_text][\/et_pb_column][\/et_pb_row][et_pb_row column_structure=&#8221;1_2,1_2&#8243; _builder_version=&#8221;4.17.3&#8243; _module_preset=&#8221;default&#8221; global_colors_info=&#8221;{}&#8221;][et_pb_column type=&#8221;1_2&#8243; _builder_version=&#8221;4.17.3&#8243; _module_preset=&#8221;default&#8221; global_colors_info=&#8221;{}&#8221;][et_pb_text _builder_version=&#8221;4.17.3&#8243; _module_preset=&#8221;default&#8221; text_font_size=&#8221;20px&#8221; global_colors_info=&#8221;{}&#8221;]<\/p>\n<p>W takim razie zapraszam do kontaktu:<\/p>\n<p>[\/et_pb_text][et_pb_blurb use_icon=&#8221;on&#8221; font_icon=&#8221;&#xf3cd;||fa||900&#8243; icon_placement=&#8221;left&#8221; _builder_version=&#8221;4.17.3&#8243; _module_preset=&#8221;default&#8221; body_font_size=&#8221;17px&#8221; body_line_height=&#8221;1.8em&#8221; module_alignment=&#8221;center&#8221; custom_margin=&#8221;||||false|false&#8221; custom_padding=&#8221;||||false|false&#8221; global_colors_info=&#8221;{}&#8221;]<\/p>\n<p>519 569 295<\/p>\n<p>[\/et_pb_blurb][et_pb_blurb use_icon=&#8221;on&#8221; font_icon=&#8221;&#xf1fa;||fa||900&#8243; icon_placement=&#8221;left&#8221; _builder_version=&#8221;4.17.3&#8243; _module_preset=&#8221;default&#8221; body_font_size=&#8221;17px&#8221; body_line_height=&#8221;1.8em&#8221; image_icon_custom_margin=&#8221;|||-5px|false|false&#8221; module_alignment=&#8221;left&#8221; custom_margin=&#8221;||||false|false&#8221; custom_padding=&#8221;||||false|false&#8221; global_colors_info=&#8221;{}&#8221;]<\/p>\n<p>pietrzak.klaudia.1996@gmail.com<\/p>\n<p>[\/et_pb_blurb][\/et_pb_column][et_pb_column type=&#8221;1_2&#8243; _builder_version=&#8221;4.17.3&#8243; _module_preset=&#8221;default&#8221; global_colors_info=&#8221;{}&#8221;][et_pb_image src=&#8221;https:\/\/klaudiapietrzak.pl\/wp-content\/uploads\/2023\/01\/kp-ikona.png&#8221; title_text=&#8221;kp-ikona&#8221; _builder_version=&#8221;4.19.4&#8243; _module_preset=&#8221;default&#8221; width=&#8221;30%&#8221; module_alignment=&#8221;center&#8221; hover_enabled=&#8221;0&#8243; global_colors_info=&#8221;{}&#8221; sticky_enabled=&#8221;0&#8243; width_last_edited=&#8221;on|phone&#8221; width_tablet=&#8221;30%&#8221; module_alignment_last_edited=&#8221;on|tablet&#8221; module_alignment_tablet=&#8221;left&#8221; width_phone=&#8221;30%&#8221; module_alignment_phone=&#8221;left&#8221;][\/et_pb_image][\/et_pb_column][\/et_pb_row][\/et_pb_section][et_pb_section fb_built=&#8221;1&#8243; _builder_version=&#8221;4.17.3&#8243; _module_preset=&#8221;default&#8221; custom_margin=&#8221;-8px|||||&#8221; custom_padding=&#8221;40px||30px|||&#8221; global_colors_info=&#8221;{}&#8221;][et_pb_row _builder_version=&#8221;4.17.3&#8243; _module_preset=&#8221;default&#8221; custom_margin=&#8221;2px|auto||auto||&#8221; global_colors_info=&#8221;{}&#8221;][et_pb_column type=&#8221;4_4&#8243; _builder_version=&#8221;4.17.3&#8243; _module_preset=&#8221;default&#8221; global_colors_info=&#8221;{}&#8221;][dsm_text_divider header=&#8221;Jak\u0105 prac\u0105 by\u0142abym najbardziej zainteresowana?&#8221; divider_style=&#8221;dashed&#8221; _builder_version=&#8221;4.17.3&#8243; _module_preset=&#8221;default&#8221; header_font_size=&#8221;20px&#8221; global_colors_info=&#8221;{}&#8221; disabled_on=&#8221;on|off|off&#8221;][\/dsm_text_divider][et_pb_text _builder_version=&#8221;4.19.4&#8243; _module_preset=&#8221;default&#8221; header_3_font_size=&#8221;20px&#8221; hover_enabled=&#8221;0&#8243; sticky_enabled=&#8221;0&#8243; disabled_on=&#8221;off|on|on&#8221;]<\/p>\n<h3>Jak\u0105 prac\u0105 by\u0142abym najbardziej zainteresowana?<\/h3>\n<p>[\/et_pb_text][\/et_pb_column][\/et_pb_row][et_pb_row disabled_on=&#8221;on|on|on&#8221; _builder_version=&#8221;4.17.3&#8243; _module_preset=&#8221;default&#8221; disabled=&#8221;on&#8221; global_colors_info=&#8221;{}&#8221;][et_pb_column type=&#8221;4_4&#8243; _builder_version=&#8221;4.17.3&#8243; _module_preset=&#8221;default&#8221; global_colors_info=&#8221;{}&#8221;][et_pb_text _builder_version=&#8221;4.17.3&#8243; _module_preset=&#8221;default&#8221; global_colors_info=&#8221;{}&#8221;]<\/p>\n<p>Moim ostatnim miejscem pracy by\u0142a agencja marketingowa z Wroc\u0142awia. W 3-osobowym zespole zajmowa\u0142am stanowisko m\u0142odszej specjalistki ds. marketingu, ale jak to w ma\u0142ych firmach bywa, zajmowa\u0142am si\u0119 tak\u017ce grafik\u0105, projektowaniem stron i pisaniem artyku\u0142\u00f3w. Prac\u0119 wykonywa\u0142am w pe\u0142ni zdalnie i znakomicie odnajdywa\u0142am si\u0119 w tym trybie.<\/p>\n<p>W wolnych chwilach czytam, g\u0142aszcz\u0119 kota i gram w plansz\u00f3wki\/na konsoli. Cz\u0119sto mo\u017cna mnie te\u017c znale\u017a\u0107 na dzia\u0142ce w lesie, gdzie uwielbiam odpoczywa\u0107 ze swoim narzeczonym i przyjaci\u00f3\u0142mi. Nie wyobra\u017cam sobie \u017cycia bez sera i kawy.\u00a0<\/p>\n<p>[\/et_pb_text][\/et_pb_column][\/et_pb_row][et_pb_row column_structure=&#8221;1_2,1_2&#8243; _builder_version=&#8221;4.17.3&#8243; _module_preset=&#8221;default&#8221; global_colors_info=&#8221;{}&#8221;][et_pb_column type=&#8221;1_2&#8243; _builder_version=&#8221;4.17.3&#8243; _module_preset=&#8221;default&#8221; global_colors_info=&#8221;{}&#8221;][et_pb_blurb title=&#8221;Praca zdalna&#8221; use_icon=&#8221;on&#8221; font_icon=&#8221;&#xf109;||fa||900&#8243; icon_placement=&#8221;left&#8221; image_icon_width=&#8221;26px&#8221; _builder_version=&#8221;4.17.3&#8243; _module_preset=&#8221;7bf4b01b-de9a-4456-8827-4fa467df1ad8&#8243; global_colors_info=&#8221;{}&#8221;]<\/p>\n<p>Tak, jak ju\u017c wspomina\u0142am, \u015bwietnie odnajduj\u0119 si\u0119 w pracy zdalnej i najch\u0119tniej w dalszym ci\u0105gu kontynuowa\u0142abym rozw\u00f3j w takim trybie.<\/p>\n<p>[\/et_pb_blurb][et_pb_blurb title=&#8221;Projektowanie stron internetowych&#8221; use_icon=&#8221;on&#8221; font_icon=&#8221;&#xf0ac;||fa||900&#8243; icon_placement=&#8221;left&#8221; _builder_version=&#8221;4.17.3&#8243; _module_preset=&#8221;7bf4b01b-de9a-4456-8827-4fa467df1ad8&#8243; global_colors_info=&#8221;{}&#8221;]<\/p>\n<p>Z ogromn\u0105 przyjemno\u015bci\u0105 rozwija\u0142abym swoje umiej\u0119tno\u015bci tworzenia stron www.<\/p>\n<p>[\/et_pb_blurb][et_pb_blurb title=&#8221;Tworzenie reklam&#8221; use_icon=&#8221;on&#8221; font_icon=&#8221;&#xf641;||fa||900&#8243; icon_placement=&#8221;left&#8221; _builder_version=&#8221;4.17.3&#8243; _module_preset=&#8221;7bf4b01b-de9a-4456-8827-4fa467df1ad8&#8243; global_colors_info=&#8221;{}&#8221;]<\/p>\n<p>R\u00f3wnie ch\u0119tnie zajmowa\u0142abym si\u0119 tworzeniem reklam na Facebooku i w Google Ads<\/p>\n<p>[\/et_pb_blurb][\/et_pb_column][et_pb_column type=&#8221;1_2&#8243; _builder_version=&#8221;4.17.3&#8243; _module_preset=&#8221;default&#8221; global_colors_info=&#8221;{}&#8221;][et_pb_blurb title=&#8221;Praca stacjonarna\/hybrydowa&#8221; use_icon=&#8221;on&#8221; font_icon=&#8221;&#xe081;||divi||400&#8243; icon_placement=&#8221;left&#8221; _builder_version=&#8221;4.17.3&#8243; _module_preset=&#8221;7bf4b01b-de9a-4456-8827-4fa467df1ad8&#8243; image_icon_custom_margin=&#8221;|||4px|false|false&#8221; global_colors_info=&#8221;{}&#8221;]<\/p>\n<p>Mieszkam w Gda\u0144sku, wi\u0119c je\u015bli musia\u0142abym przyje\u017cd\u017ca\u0107 cz\u0119sto do firmy, interesowa\u0142aby mnie praca w Tr\u00f3jmie\u015bcie.<\/p>\n<p>[\/et_pb_blurb][et_pb_blurb title=&#8221;Projektowanie grafik i newsletter\u00f3w&#8221; use_icon=&#8221;on&#8221; font_icon=&#8221;&#xf302;||fa||400&#8243; icon_placement=&#8221;left&#8221; _builder_version=&#8221;4.17.3&#8243; _module_preset=&#8221;7bf4b01b-de9a-4456-8827-4fa467df1ad8&#8243; global_colors_info=&#8221;{}&#8221;]<\/p>\n<p>Ch\u0119tnie w dalszym ci\u0105gu zajmowa\u0142abym si\u0119 tworzeniem grafik i newsletter\u00f3w.<\/p>\n<p>[\/et_pb_blurb][et_pb_blurb title=&#8221;Tworzenie post\u00f3w na Social Media&#8221; use_icon=&#8221;on&#8221; font_icon=&#8221;&#xe093;||divi||400&#8243; icon_placement=&#8221;left&#8221; _builder_version=&#8221;4.17.3&#8243; _module_preset=&#8221;7bf4b01b-de9a-4456-8827-4fa467df1ad8&#8243; image_icon_custom_margin=&#8221;|||4px|false|false&#8221; global_colors_info=&#8221;{}&#8221;]<\/p>\n<p>Mog\u0119 tak\u017ce zaj\u0105\u0107 si\u0119 prowadzeniem kana\u0142\u00f3w spo\u0142eczno\u015bciowych i przygotowywaniem nowych post\u00f3w.<\/p>\n<p>[\/et_pb_blurb][\/et_pb_column][\/et_pb_row][\/et_pb_section]<\/p>\n","protected":false},"excerpt":{"rendered":"<p><div class=\"et_pb_module dsm_text_divider dsm_text_divider_0\">\n\t\t\t\t\n\t\t\t\t\n\t\t\t\t\n\t\t\t\t\n\t\t\t\t\n\t\t\t\t\n\t\t\t\t<div class=\"et_pb_module_inner\">\n\t\t\t\t\t<div class=\"dsm-text-divider-wrapper dsm-text-divider-align-center et_pb_bg_layout_light\">\n\t\t\t\t\n\t\t\t\t\n\t\t\t\t<div class=\"dsm-text-divider-before dsm-divider\"><\/div>\n\t\t\t\t<h3 class=\"dsm-text-divider-header et_pb_module_header\"><span>Chcesz rozpocz\u0105\u0107 ze mn\u0105 wsp\u00f3\u0142prac\u0119?<\/span><\/h3>\n\t\t\t\t<div class=\"dsm-text-divider-after dsm-divider\"><\/div>\n\t\t\t<\/div>\n\t\t\t\t<\/div>\n\t\t\t<\/div>Chcesz rozpocz\u0105\u0107 ze mn\u0105 wsp\u00f3\u0142prac\u0119?<div class=\"et_pb_module dsm_text_divider dsm_text_divider_1\">\n\t\t\t\t\n\t\t\t\t\n\t\t\t\t\n\t\t\t\t\n\t\t\t\t\n\t\t\t\t\n\t\t\t\t<div class=\"et_pb_module_inner\">\n\t\t\t\t\t<div class=\"dsm-text-divider-wrapper dsm-text-divider-align-center et_pb_bg_layout_light\">\n\t\t\t\t\n\t\t\t\t\n\t\t\t\t<div class=\"dsm-text-divider-before dsm-divider\"><\/div>\n\t\t\t\t<h3 class=\"dsm-text-divider-header et_pb_module_header\"><span>A mo\u017ce masz jakie\u015b dodatkowe pytania?<\/span><\/h3>\n\t\t\t\t<div class=\"dsm-text-divider-after dsm-divider\"><\/div>\n\t\t\t<\/div>\n\t\t\t\t<\/div>\n\t\t\t<\/div>A mo\u017ce masz jakie\u015b dodatkowe pytania?W takim razie zapraszam do kontaktu:519 569 295pietrzak.klaudia.1996@gmail.com<div class=\"et_pb_module dsm_text_divider dsm_text_divider_2\">\n\t\t\t\t\n\t\t\t\t\n\t\t\t\t\n\t\t\t\t\n\t\t\t\t\n\t\t\t\t\n\t\t\t\t<div class=\"et_pb_module_inner\">\n\t\t\t\t\t<div class=\"dsm-text-divider-wrapper dsm-text-divider-align-center et_pb_bg_layout_light\">\n\t\t\t\t\n\t\t\t\t\n\t\t\t\t<div class=\"dsm-text-divider-before dsm-divider\"><\/div>\n\t\t\t\t<h3 class=\"dsm-text-divider-header et_pb_module_header\"><span>Jak\u0105 prac\u0105 by\u0142abym najbardziej zainteresowana?<\/span><\/h3>\n\t\t\t\t<div class=\"dsm-text-divider-after dsm-divider\"><\/div>\n\t\t\t<\/div>\n\t\t\t\t<\/div>\n\t\t\t<\/div>Jak\u0105 prac\u0105 by\u0142abym najbardziej [&hellip;]<\/p>\n","protected":false},"author":1,"featured_media":0,"parent":0,"menu_order":0,"comment_status":"closed","ping_status":"closed","template":"","meta":{"_et_pb_use_builder":"on","_et_pb_old_content":"","_et_gb_content_width":""},"yoast_head":"<!-- This site is optimized with the Yoast SEO plugin v19.13 - https:\/\/yoast.com\/wordpress\/plugins\/seo\/ -->\n<title>Kontakt - klaudiapietrzak.pl<\/title>\n<meta name=\"robots\" content=\"index, follow, max-snippet:-1, max-image-preview:large, max-video-preview:-1\" \/>\n<link rel=\"canonical\" href=\"https:\/\/klaudiapietrzak.pl\/?page_id=181\" \/>\n<meta property=\"og:locale\" content=\"pl_PL\" \/>\n<meta property=\"og:type\" content=\"article\" \/>\n<meta property=\"og:title\" content=\"Kontakt - klaudiapietrzak.pl\" \/>\n<meta property=\"og:description\" content=\"Chcesz rozpocz\u0105\u0107 ze mn\u0105 wsp\u00f3\u0142prac\u0119?A mo\u017ce masz jakie\u015b dodatkowe pytania?W takim razie zapraszam do kontaktu:519 569 295pietrzak.klaudia.1996@gmail.comJak\u0105 prac\u0105 by\u0142abym najbardziej [&hellip;]\" \/>\n<meta property=\"og:url\" content=\"https:\/\/klaudiapietrzak.pl\/?page_id=181\" \/>\n<meta property=\"og:site_name\" content=\"klaudiapietrzak.pl\" \/>\n<meta property=\"article:modified_time\" content=\"2023-01-02T23:29:44+00:00\" \/>\n<meta name=\"twitter:card\" content=\"summary_large_image\" \/>\n<script type=\"application\/ld+json\" class=\"yoast-schema-graph\">{\"@context\":\"https:\/\/schema.org\",\"@graph\":[{\"@type\":\"WebPage\",\"@id\":\"https:\/\/klaudiapietrzak.pl\/?page_id=181\",\"url\":\"https:\/\/klaudiapietrzak.pl\/?page_id=181\",\"name\":\"Kontakt - klaudiapietrzak.pl\",\"isPartOf\":{\"@id\":\"https:\/\/klaudiapietrzak.pl\/#website\"},\"datePublished\":\"2023-01-02T19:36:55+00:00\",\"dateModified\":\"2023-01-02T23:29:44+00:00\",\"breadcrumb\":{\"@id\":\"https:\/\/klaudiapietrzak.pl\/?page_id=181#breadcrumb\"},\"inLanguage\":\"pl-PL\",\"potentialAction\":[{\"@type\":\"ReadAction\",\"target\":[\"https:\/\/klaudiapietrzak.pl\/?page_id=181\"]}]},{\"@type\":\"BreadcrumbList\",\"@id\":\"https:\/\/klaudiapietrzak.pl\/?page_id=181#breadcrumb\",\"itemListElement\":[{\"@type\":\"ListItem\",\"position\":1,\"name\":\"Strona g\u0142\u00f3wna\",\"item\":\"https:\/\/klaudiapietrzak.pl\/\"},{\"@type\":\"ListItem\",\"position\":2,\"name\":\"Kontakt\"}]},{\"@type\":\"WebSite\",\"@id\":\"https:\/\/klaudiapietrzak.pl\/#website\",\"url\":\"https:\/\/klaudiapietrzak.pl\/\",\"name\":\"klaudiapietrzak.pl\",\"description\":\"Odwied\u017a moje portfolio\",\"potentialAction\":[{\"@type\":\"SearchAction\",\"target\":{\"@type\":\"EntryPoint\",\"urlTemplate\":\"https:\/\/klaudiapietrzak.pl\/?s={search_term_string}\"},\"query-input\":\"required name=search_term_string\"}],\"inLanguage\":\"pl-PL\"}]}<\/script>\n<!-- \/ Yoast SEO plugin. -->","yoast_head_json":{"title":"Kontakt - klaudiapietrzak.pl","robots":{"index":"index","follow":"follow","max-snippet":"max-snippet:-1","max-image-preview":"max-image-preview:large","max-video-preview":"max-video-preview:-1"},"canonical":"https:\/\/klaudiapietrzak.pl\/?page_id=181","og_locale":"pl_PL","og_type":"article","og_title":"Kontakt - klaudiapietrzak.pl","og_description":"Chcesz rozpocz\u0105\u0107 ze mn\u0105 wsp\u00f3\u0142prac\u0119?A mo\u017ce masz jakie\u015b dodatkowe pytania?W takim razie zapraszam do kontaktu:519 569 295pietrzak.klaudia.1996@gmail.comJak\u0105 prac\u0105 by\u0142abym najbardziej [&hellip;]","og_url":"https:\/\/klaudiapietrzak.pl\/?page_id=181","og_site_name":"klaudiapietrzak.pl","article_modified_time":"2023-01-02T23:29:44+00:00","twitter_card":"summary_large_image","schema":{"@context":"https:\/\/schema.org","@graph":[{"@type":"WebPage","@id":"https:\/\/klaudiapietrzak.pl\/?page_id=181","url":"https:\/\/klaudiapietrzak.pl\/?page_id=181","name":"Kontakt - klaudiapietrzak.pl","isPartOf":{"@id":"https:\/\/klaudiapietrzak.pl\/#website"},"datePublished":"2023-01-02T19:36:55+00:00","dateModified":"2023-01-02T23:29:44+00:00","breadcrumb":{"@id":"https:\/\/klaudiapietrzak.pl\/?page_id=181#breadcrumb"},"inLanguage":"pl-PL","potentialAction":[{"@type":"ReadAction","target":["https:\/\/klaudiapietrzak.pl\/?page_id=181"]}]},{"@type":"BreadcrumbList","@id":"https:\/\/klaudiapietrzak.pl\/?page_id=181#breadcrumb","itemListElement":[{"@type":"ListItem","position":1,"name":"Strona g\u0142\u00f3wna","item":"https:\/\/klaudiapietrzak.pl\/"},{"@type":"ListItem","position":2,"name":"Kontakt"}]},{"@type":"WebSite","@id":"https:\/\/klaudiapietrzak.pl\/#website","url":"https:\/\/klaudiapietrzak.pl\/","name":"klaudiapietrzak.pl","description":"Odwied\u017a moje portfolio","potentialAction":[{"@type":"SearchAction","target":{"@type":"EntryPoint","urlTemplate":"https:\/\/klaudiapietrzak.pl\/?s={search_term_string}"},"query-input":"required name=search_term_string"}],"inLanguage":"pl-PL"}]}},"_links":{"self":[{"href":"https:\/\/klaudiapietrzak.pl\/index.php?rest_route=\/wp\/v2\/pages\/181"}],"collection":[{"href":"https:\/\/klaudiapietrzak.pl\/index.php?rest_route=\/wp\/v2\/pages"}],"about":[{"href":"https:\/\/klaudiapietrzak.pl\/index.php?rest_route=\/wp\/v2\/types\/page"}],"author":[{"embeddable":true,"href":"https:\/\/klaudiapietrzak.pl\/index.php?rest_route=\/wp\/v2\/users\/1"}],"replies":[{"embeddable":true,"href":"https:\/\/klaudiapietrzak.pl\/index.php?rest_route=%2Fwp%2Fv2%2Fcomments&post=181"}],"version-history":[{"count":6,"href":"https:\/\/klaudiapietrzak.pl\/index.php?rest_route=\/wp\/v2\/pages\/181\/revisions"}],"predecessor-version":[{"id":219,"href":"https:\/\/klaudiapietrzak.pl\/index.php?rest_route=\/wp\/v2\/pages\/181\/revisions\/219"}],"wp:attachment":[{"href":"https:\/\/klaudiapietrzak.pl\/index.php?rest_route=%2Fwp%2Fv2%2Fmedia&parent=181"}],"curies":[{"name":"wp","href":"https:\/\/api.w.org\/{rel}","templated":true}]}}