{"id":25,"date":"2023-01-02T20:38:36","date_gmt":"2023-01-02T19:38:36","guid":{"rendered":"https:\/\/klaudiapietrzak.pl\/?page_id=25"},"modified":"2023-01-03T00:26:38","modified_gmt":"2023-01-02T23:26:38","slug":"probujemy","status":"publish","type":"page","link":"https:\/\/klaudiapietrzak.pl\/","title":{"rendered":"Strona g\u0142\u00f3wna"},"content":{"rendered":"<p>[et_pb_section fb_built=&#8221;1&#8243; _builder_version=&#8221;4.17.3&#8243; _module_preset=&#8221;default&#8221; background_color=&#8221;#426d49&#8243; background_image=&#8221;https:\/\/klaudiapietrzak.pl\/wp-content\/uploads\/2023\/01\/liscie-na-tlo.jpg&#8221; custom_padding=&#8221;30px||30px||false|false&#8221; global_colors_info=&#8221;{}&#8221;][\/et_pb_section][et_pb_section fb_built=&#8221;1&#8243; _builder_version=&#8221;4.17.3&#8243; _module_preset=&#8221;default&#8221; custom_padding=&#8221;40px||30px|||&#8221; global_colors_info=&#8221;{}&#8221;][et_pb_row _builder_version=&#8221;4.17.3&#8243; _module_preset=&#8221;default&#8221; global_colors_info=&#8221;{}&#8221;][et_pb_column type=&#8221;4_4&#8243; _builder_version=&#8221;4.17.3&#8243; _module_preset=&#8221;default&#8221; global_colors_info=&#8221;{}&#8221;][dsm_text_divider header=&#8221;Kim w\u0142a\u015bciwie jestem?&#8221; _builder_version=&#8221;4.17.3&#8243; _module_preset=&#8221;default&#8221; header_font_size=&#8221;25px&#8221; global_colors_info=&#8221;{}&#8221; disabled_on=&#8221;on|off|off&#8221;][\/dsm_text_divider][et_pb_text _builder_version=&#8221;4.19.4&#8243; _module_preset=&#8221;default&#8221; hover_enabled=&#8221;0&#8243; sticky_enabled=&#8221;0&#8243; disabled_on=&#8221;off|on|on&#8221; header_2_font_size=&#8221;25px&#8221;]<\/p>\n<h2>Kim w\u0142a\u015bciwie jestem?<\/h2>\n<p>[\/et_pb_text][et_pb_text _builder_version=&#8221;4.17.3&#8243; _module_preset=&#8221;default&#8221; global_colors_info=&#8221;{}&#8221;]<\/p>\n<p>Nazywam si\u0119 Klaudia Pietrzak i mieszkam w Gda\u0144sku. Tutaj si\u0119 urodzi\u0142am, studiowa\u0142am i zapu\u015bci\u0142am korzenie. Moim ostatnim miejscem pracy by\u0142a agencja marketingowa z Wroc\u0142awia. W 3-osobowym zespole zajmowa\u0142am stanowisko m\u0142odszej specjalistki ds. marketingu, ale jak to w ma\u0142ych firmach bywa, zajmowa\u0142am si\u0119 tak\u017ce grafik\u0105, projektowaniem stron i pisaniem artyku\u0142\u00f3w. Prac\u0119 wykonywa\u0142am w pe\u0142ni zdalnie i znakomicie odnajdywa\u0142am si\u0119 w tym trybie.<\/p>\n<p>W wolnych chwilach czytam, g\u0142aszcz\u0119 kota i gram w plansz\u00f3wki\/na konsoli. Cz\u0119sto mo\u017cna mnie te\u017c znale\u017a\u0107 na dzia\u0142ce w lesie, gdzie uwielbiam odpoczywa\u0107 ze swoim narzeczonym i przyjaci\u00f3\u0142mi. Nie wyobra\u017cam sobie \u017cycia bez sera i kawy.<\/p>\n<p>[\/et_pb_text][\/et_pb_column][\/et_pb_row][et_pb_row _builder_version=&#8221;4.17.3&#8243; _module_preset=&#8221;default&#8221; global_colors_info=&#8221;{}&#8221;][et_pb_column type=&#8221;4_4&#8243; _builder_version=&#8221;4.17.3&#8243; _module_preset=&#8221;default&#8221; global_colors_info=&#8221;{}&#8221;][dsm_text_divider header=&#8221;Czym si\u0119 zajmuj\u0119 zawodowo?&#8221; divider_style=&#8221;dashed&#8221; _builder_version=&#8221;4.17.3&#8243; _module_preset=&#8221;default&#8221; header_font_size=&#8221;20px&#8221; global_colors_info=&#8221;{}&#8221; disabled_on=&#8221;on|off|off&#8221;][\/dsm_text_divider][et_pb_text _builder_version=&#8221;4.19.4&#8243; _module_preset=&#8221;default&#8221; hover_enabled=&#8221;0&#8243; sticky_enabled=&#8221;0&#8243; header_3_font_size=&#8221;20px&#8221; disabled_on=&#8221;off|on|on&#8221;]<\/p>\n<h3>Czym si\u0119 zajmuj\u0119 zawodowo?<\/h3>\n<p>[\/et_pb_text][\/et_pb_column][\/et_pb_row][et_pb_row column_structure=&#8221;1_2,1_2&#8243; _builder_version=&#8221;4.17.3&#8243; _module_preset=&#8221;default&#8221; global_colors_info=&#8221;{}&#8221;][et_pb_column type=&#8221;1_2&#8243; _builder_version=&#8221;4.17.3&#8243; _module_preset=&#8221;default&#8221; global_colors_info=&#8221;{}&#8221;][et_pb_blurb title=&#8221;Strony internetowe&#8221; use_icon=&#8221;on&#8221; font_icon=&#8221;&#xf0ac;||fa||900&#8243; icon_placement=&#8221;left&#8221; _builder_version=&#8221;4.17.3&#8243; _module_preset=&#8221;7bf4b01b-de9a-4456-8827-4fa467df1ad8&#8243; global_colors_info=&#8221;{}&#8221;]<\/p>\n<p>Tworz\u0119 strony internetowe przy pomocy Divi oraz Elementora.<\/p>\n<p>[\/et_pb_blurb][et_pb_blurb title=&#8221;Grafiki do sieci i druku&#8221; use_icon=&#8221;on&#8221; font_icon=&#8221;&#xf302;||fa||900&#8243; icon_placement=&#8221;left&#8221; image_icon_width=&#8221;28px&#8221; _builder_version=&#8221;4.17.3&#8243; _module_preset=&#8221;7bf4b01b-de9a-4456-8827-4fa467df1ad8&#8243; global_colors_info=&#8221;{}&#8221;]<\/p>\n<p>G\u0142\u00f3wnie projektuj\u0119 grafiki do sieci, jednak stworzy\u0142am kilka ulotek.<\/p>\n<p>[\/et_pb_blurb][et_pb_blurb title=&#8221;Copywriting i SEO&#8221; use_icon=&#8221;on&#8221; font_icon=&#8221;&#xf11c;||fa||900&#8243; icon_placement=&#8221;left&#8221; image_icon_width=&#8221;28px&#8221; _builder_version=&#8221;4.17.3&#8243; _module_preset=&#8221;7bf4b01b-de9a-4456-8827-4fa467df1ad8&#8243; global_colors_info=&#8221;{}&#8221;]<\/p>\n<p>Pisz\u0119 artyku\u0142y i dbam o SEO klient\u00f3w.<\/p>\n<p>[\/et_pb_blurb][et_pb_blurb title=&#8221;Analizy i raporty&#8221; use_icon=&#8221;on&#8221; font_icon=&#8221;&#xe0f7;||divi||400&#8243; icon_placement=&#8221;left&#8221; _builder_version=&#8221;4.17.3&#8243; _module_preset=&#8221;7bf4b01b-de9a-4456-8827-4fa467df1ad8&#8243; global_colors_info=&#8221;{}&#8221;]<\/p>\n<p>Robi\u0119 analizy i raporty dzia\u0142a\u0144 marketingowych.<\/p>\n<p>[\/et_pb_blurb][\/et_pb_column][et_pb_column type=&#8221;1_2&#8243; _builder_version=&#8221;4.17.3&#8243; _module_preset=&#8221;default&#8221; global_colors_info=&#8221;{}&#8221;][et_pb_blurb title=&#8221;Newslettery&#8221; use_icon=&#8221;on&#8221; font_icon=&#8221;&#xe076;||divi||400&#8243; icon_placement=&#8221;left&#8221; _builder_version=&#8221;4.17.3&#8243; _module_preset=&#8221;7bf4b01b-de9a-4456-8827-4fa467df1ad8&#8243; global_colors_info=&#8221;{}&#8221;]<\/p>\n<p>Projektuj\u0119 newslettery klient\u00f3w.<\/p>\n<p>[\/et_pb_blurb][et_pb_blurb title=&#8221;Reklamy&#8221; use_icon=&#8221;on&#8221; font_icon=&#8221;&#xf641;||fa||900&#8243; icon_placement=&#8221;left&#8221; _builder_version=&#8221;4.17.3&#8243; _module_preset=&#8221;7bf4b01b-de9a-4456-8827-4fa467df1ad8&#8243; global_colors_info=&#8221;{}&#8221;]<\/p>\n<p>Robi\u0119 reklamy w Google Ads i Facebook Ads.<\/p>\n<p>[\/et_pb_blurb][et_pb_blurb title=&#8221;Posty na social media&#8221; use_icon=&#8221;on&#8221; font_icon=&#8221;&#xe0c1;||divi||400&#8243; icon_placement=&#8221;left&#8221; _builder_version=&#8221;4.17.3&#8243; _module_preset=&#8221;7bf4b01b-de9a-4456-8827-4fa467df1ad8&#8243; global_colors_info=&#8221;{}&#8221;]<\/p>\n<p>G\u0142\u00f3wnie tworz\u0119 content na Facebooka klient\u00f3w.<\/p>\n<p>[\/et_pb_blurb][et_pb_blurb title=&#8221;E-commerce&#8221; use_icon=&#8221;on&#8221; font_icon=&#8221;&#xe07c;||divi||400&#8243; icon_placement=&#8221;left&#8221; _builder_version=&#8221;4.17.3&#8243; _module_preset=&#8221;7bf4b01b-de9a-4456-8827-4fa467df1ad8&#8243; global_colors_info=&#8221;{}&#8221;]<\/p>\n<p>Wprowadzam nowe produkty na Idosell, Shoper i WooCommerce.<\/p>\n<p>[\/et_pb_blurb][\/et_pb_column][\/et_pb_row][\/et_pb_section][et_pb_section fb_built=&#8221;1&#8243; next_background_color=&#8221;#ffffff&#8221; _builder_version=&#8221;4.17.3&#8243; _module_preset=&#8221;default&#8221; background_color=&#8221;#426d49&#8243; custom_margin=&#8221;-5px|||||&#8221; custom_padding=&#8221;29px||30px|||&#8221; top_divider_height=&#8221;50px&#8221; top_divider_repeat=&#8221;1x&#8221; bottom_divider_style=&#8221;arrow&#8221; bottom_divider_height=&#8221;60px&#8221; global_colors_info=&#8221;{}&#8221;][et_pb_row column_structure=&#8221;1_3,1_3,1_3&#8243; _builder_version=&#8221;4.17.3&#8243; _module_preset=&#8221;default&#8221; custom_margin=&#8221;-11px|auto||auto|false|false&#8221; custom_padding=&#8221;19px||29px||false|false&#8221; global_colors_info=&#8221;{}&#8221;][et_pb_column type=&#8221;1_3&#8243; _builder_version=&#8221;4.17.3&#8243; _module_preset=&#8221;default&#8221; global_colors_info=&#8221;{}&#8221;][et_pb_number_counter title=&#8221;Lata do\u015bwiadczenia zawodowego&#8221; number=&#8221;2&#8243; percent_sign=&#8221;off&#8221; _builder_version=&#8221;4.17.3&#8243; _module_preset=&#8221;default&#8221; title_text_color=&#8221;#FFFFFF&#8221; number_text_color=&#8221;#FFFFFF&#8221; global_colors_info=&#8221;{}&#8221;][\/et_pb_number_counter][\/et_pb_column][et_pb_column type=&#8221;1_3&#8243; _builder_version=&#8221;4.17.3&#8243; _module_preset=&#8221;default&#8221; global_colors_info=&#8221;{}&#8221;][et_pb_number_counter title=&#8221;Wcale niepechowych klient\u00f3w&#8221; number=&#8221;13&#8243; percent_sign=&#8221;off&#8221; _builder_version=&#8221;4.17.3&#8243; _module_preset=&#8221;default&#8221; title_text_color=&#8221;#FFFFFF&#8221; number_text_color=&#8221;#FFFFFF&#8221; global_colors_info=&#8221;{}&#8221;][\/et_pb_number_counter][\/et_pb_column][et_pb_column type=&#8221;1_3&#8243; _builder_version=&#8221;4.17.3&#8243; _module_preset=&#8221;default&#8221; global_colors_info=&#8221;{}&#8221;][et_pb_number_counter title=&#8221;Kubk\u00f3w wypitej kawy&#8221; number=&#8221;4380&#8243; percent_sign=&#8221;off&#8221; _builder_version=&#8221;4.17.3&#8243; _module_preset=&#8221;default&#8221; title_text_color=&#8221;#FFFFFF&#8221; number_text_color=&#8221;#ffffff&#8221; global_colors_info=&#8221;{}&#8221;][\/et_pb_number_counter][\/et_pb_column][\/et_pb_row][\/et_pb_section][et_pb_section fb_built=&#8221;1&#8243; _builder_version=&#8221;4.17.3&#8243; _module_preset=&#8221;default&#8221; custom_padding=&#8221;30px|||||&#8221; global_colors_info=&#8221;{}&#8221;][et_pb_row _builder_version=&#8221;4.17.3&#8243; _module_preset=&#8221;default&#8221; global_colors_info=&#8221;{}&#8221;][et_pb_column type=&#8221;4_4&#8243; _builder_version=&#8221;4.17.3&#8243; _module_preset=&#8221;default&#8221; global_colors_info=&#8221;{}&#8221;][dsm_text_divider header=&#8221;Obejrzyj kilka moich projekt\u00f3w&#8221; _builder_version=&#8221;4.17.3&#8243; _module_preset=&#8221;default&#8221; header_font_size=&#8221;25px&#8221; global_colors_info=&#8221;{}&#8221; disabled_on=&#8221;on|off|off&#8221;][\/dsm_text_divider][et_pb_text _builder_version=&#8221;4.19.4&#8243; _module_preset=&#8221;default&#8221; hover_enabled=&#8221;0&#8243; sticky_enabled=&#8221;0&#8243; disabled_on=&#8221;off|on|on&#8221; header_2_font_size=&#8221;25px&#8221;]<\/p>\n<h2>Obejrzyj kilka moich projekt\u00f3w<\/h2>\n<p>[\/et_pb_text][dsm_text_divider header=&#8221;Grafiki&#8221; divider_style=&#8221;dashed&#8221; _builder_version=&#8221;4.17.3&#8243; _module_preset=&#8221;default&#8221; header_font_size=&#8221;20px&#8221; global_colors_info=&#8221;{}&#8221;][\/dsm_text_divider][dsm_masonry_gallery gallery_ids=&#8221;64,65,67,66,76,79,85,75,80,82,81&#8243; use_lightbox=&#8221;on&#8221; _builder_version=&#8221;4.17.3&#8243; _module_preset=&#8221;default&#8221; global_colors_info=&#8221;{}&#8221;][\/dsm_masonry_gallery][\/et_pb_column][\/et_pb_row][et_pb_row _builder_version=&#8221;4.17.3&#8243; _module_preset=&#8221;default&#8221; global_colors_info=&#8221;{}&#8221;][et_pb_column type=&#8221;4_4&#8243; _builder_version=&#8221;4.17.3&#8243; _module_preset=&#8221;default&#8221; global_colors_info=&#8221;{}&#8221;][dsm_text_divider header=&#8221;Newslettery&#8221; divider_style=&#8221;dashed&#8221; _builder_version=&#8221;4.17.3&#8243; _module_preset=&#8221;default&#8221; header_font_size=&#8221;20px&#8221; global_colors_info=&#8221;{}&#8221;][\/dsm_text_divider][\/et_pb_column][\/et_pb_row][et_pb_row column_structure=&#8221;1_3,1_3,1_3&#8243; use_custom_gutter=&#8221;on&#8221; gutter_width=&#8221;2&#8243; _builder_version=&#8221;4.17.3&#8243; _module_preset=&#8221;default&#8221; width=&#8221;100%&#8221; global_colors_info=&#8221;{}&#8221;][et_pb_column type=&#8221;1_3&#8243; _builder_version=&#8221;4.17.3&#8243; _module_preset=&#8221;default&#8221; global_colors_info=&#8221;{}&#8221;][et_pb_image src=&#8221;https:\/\/klaudiapietrzak.pl\/wp-content\/uploads\/2023\/01\/bioz-nl-2-scaled.jpg&#8221; title_text=&#8221;bioz-nl-2&#8243; _builder_version=&#8221;4.17.3&#8243; _module_preset=&#8221;default&#8221; global_colors_info=&#8221;{}&#8221;][\/et_pb_image][\/et_pb_column][et_pb_column type=&#8221;1_3&#8243; _builder_version=&#8221;4.17.3&#8243; _module_preset=&#8221;default&#8221; global_colors_info=&#8221;{}&#8221;][et_pb_image src=&#8221;https:\/\/klaudiapietrzak.pl\/wp-content\/uploads\/2022\/05\/bioz-nl-scaled.jpg&#8221; title_text=&#8221;bioz-nl&#8221; _builder_version=&#8221;4.17.3&#8243; _module_preset=&#8221;default&#8221; global_colors_info=&#8221;{}&#8221;][\/et_pb_image][\/et_pb_column][et_pb_column type=&#8221;1_3&#8243; _builder_version=&#8221;4.17.3&#8243; _module_preset=&#8221;default&#8221; global_colors_info=&#8221;{}&#8221;][et_pb_image src=&#8221;https:\/\/klaudiapietrzak.pl\/wp-content\/uploads\/2023\/01\/pda-nl-slub.jpg&#8221; title_text=&#8221;pda-nl-slub&#8221; _builder_version=&#8221;4.17.3&#8243; _module_preset=&#8221;default&#8221; global_colors_info=&#8221;{}&#8221;][\/et_pb_image][et_pb_image src=&#8221;https:\/\/klaudiapietrzak.pl\/wp-content\/uploads\/2023\/01\/pda-nl-slub-2.jpg&#8221; title_text=&#8221;pda-nl-slub-2&#8243; _builder_version=&#8221;4.17.3&#8243; _module_preset=&#8221;default&#8221; global_colors_info=&#8221;{}&#8221;][\/et_pb_image][\/et_pb_column][\/et_pb_row][et_pb_row _builder_version=&#8221;4.17.3&#8243; _module_preset=&#8221;default&#8221; global_colors_info=&#8221;{}&#8221;][et_pb_column type=&#8221;4_4&#8243; _builder_version=&#8221;4.17.3&#8243; _module_preset=&#8221;default&#8221; global_colors_info=&#8221;{}&#8221;][dsm_text_divider header=&#8221;Strony internetowe&#8221; divider_style=&#8221;dashed&#8221; _builder_version=&#8221;4.17.3&#8243; _module_preset=&#8221;default&#8221; header_font_size=&#8221;20px&#8221; global_colors_info=&#8221;{}&#8221;][\/dsm_text_divider][\/et_pb_column][\/et_pb_row][et_pb_row column_structure=&#8221;1_2,1_2&#8243; _builder_version=&#8221;4.17.3&#8243; _module_preset=&#8221;default&#8221; global_colors_info=&#8221;{}&#8221;][et_pb_column type=&#8221;1_2&#8243; _builder_version=&#8221;4.17.3&#8243; _module_preset=&#8221;default&#8221; global_colors_info=&#8221;{}&#8221;][et_pb_text _builder_version=&#8221;4.17.3&#8243; _module_preset=&#8221;default&#8221; global_colors_info=&#8221;{}&#8221;]<\/p>\n<p>Strona internetowa wroc\u0142awskiej pralni<\/p>\n<p>[\/et_pb_text][et_pb_video_slider show_image_overlay=&#8221;on&#8221; _builder_version=&#8221;4.17.3&#8243; _module_preset=&#8221;default&#8221; global_colors_info=&#8221;{}&#8221;][et_pb_video_slider_item src=&#8221;https:\/\/klaudiapietrzak.pl\/wp-content\/uploads\/2022\/05\/Pralnia-Wroclaw-Pralnia-Chemiczna-Pralnia-Wodna-z-dowozem-i-odbiorem-\u2013-Pralnia-we-Wroclawiu..mp4&#8243; image_src=&#8221;https:\/\/klaudiapietrzak.pl\/wp-content\/uploads\/2022\/05\/pda-glowna-min.png&#8221; _builder_version=&#8221;4.17.3&#8243; _module_preset=&#8221;default&#8221; global_colors_info=&#8221;{}&#8221; show_image_overlay=&#8221;on&#8221;][\/et_pb_video_slider_item][et_pb_video_slider_item src=&#8221;https:\/\/klaudiapietrzak.pl\/wp-content\/uploads\/2022\/05\/Cennik-\u2013-Pralnia-Wroclaw-Pralnia-Chemiczna-Pralnia-Wodna-z-dowozem-i-odbiorem.mp4&#8243; image_src=&#8221;https:\/\/klaudiapietrzak.pl\/wp-content\/uploads\/2022\/05\/pda-cennik-min.png&#8221; _builder_version=&#8221;4.17.3&#8243; _module_preset=&#8221;default&#8221; global_colors_info=&#8221;{}&#8221; show_image_overlay=&#8221;on&#8221;][\/et_pb_video_slider_item][et_pb_video_slider_item src=&#8221;https:\/\/klaudiapietrzak.pl\/wp-content\/uploads\/2022\/05\/Dowoz-\u2013-Pralnia-Wroclaw-Pralnia-Chemiczna-Pralnia-Wodna-z-dowozem-i-odbiorem.mp4&#8243; image_src=&#8221;https:\/\/klaudiapietrzak.pl\/wp-content\/uploads\/2022\/05\/pda-dowoz-min.png&#8221; _builder_version=&#8221;4.17.3&#8243; _module_preset=&#8221;default&#8221; global_colors_info=&#8221;{}&#8221; show_image_overlay=&#8221;on&#8221;][\/et_pb_video_slider_item][et_pb_video_slider_item src=&#8221;https:\/\/klaudiapietrzak.pl\/wp-content\/uploads\/2022\/05\/English-\u2013-Pralnia-Wroclaw-Pralnia-Chemiczna-Pralnia-Wodna-z-dowozem-i-odbiorem.mp4&#8243; image_src=&#8221;https:\/\/klaudiapietrzak.pl\/wp-content\/uploads\/2022\/05\/pda-ang-min.png&#8221; _builder_version=&#8221;4.17.3&#8243; _module_preset=&#8221;default&#8221; global_colors_info=&#8221;{}&#8221; show_image_overlay=&#8221;on&#8221;][\/et_pb_video_slider_item][\/et_pb_video_slider][et_pb_text _builder_version=&#8221;4.17.3&#8243; _module_preset=&#8221;default&#8221; global_colors_info=&#8221;{}&#8221;]<\/p>\n<p>Landing page o\u015brodka psychoterapii<\/p>\n<p>[\/et_pb_text][dsm_masonry_gallery gallery_ids=&#8221;92&#8243; columns=&#8221;1&#8243; use_lightbox=&#8221;on&#8221; _builder_version=&#8221;4.17.3&#8243; _module_preset=&#8221;default&#8221; global_colors_info=&#8221;{}&#8221;][\/dsm_masonry_gallery][\/et_pb_column][et_pb_column type=&#8221;1_2&#8243; _builder_version=&#8221;4.17.3&#8243; _module_preset=&#8221;default&#8221; global_colors_info=&#8221;{}&#8221;][et_pb_text _builder_version=&#8221;4.17.3&#8243; _module_preset=&#8221;default&#8221; global_colors_info=&#8221;{}&#8221;]<\/p>\n<p>Strona internetowa kancelarii frankowej<\/p>\n<p>[\/et_pb_text][et_pb_video_slider show_image_overlay=&#8221;on&#8221; _builder_version=&#8221;4.17.3&#8243; _module_preset=&#8221;default&#8221; global_colors_info=&#8221;{}&#8221;][et_pb_video_slider_item src=&#8221;https:\/\/klaudiapietrzak.pl\/wp-content\/uploads\/2022\/05\/KANCEL1.mp4&#8243; image_src=&#8221;https:\/\/klaudiapietrzak.pl\/wp-content\/uploads\/2022\/05\/jkp-glowna-min.png&#8221; _builder_version=&#8221;4.17.3&#8243; _module_preset=&#8221;default&#8221; global_colors_info=&#8221;{}&#8221; show_image_overlay=&#8221;on&#8221;][\/et_pb_video_slider_item][et_pb_video_slider_item src=&#8221;https:\/\/klaudiapietrzak.pl\/wp-content\/uploads\/2022\/05\/Specjalizacja-_-Kancelara-Adwokacka-Tomasza-Kaczorowski.mp4&#8243; image_src=&#8221;https:\/\/klaudiapietrzak.pl\/wp-content\/uploads\/2022\/05\/jkp-spec-min.png&#8221; _builder_version=&#8221;4.17.3&#8243; _module_preset=&#8221;default&#8221; global_colors_info=&#8221;{}&#8221; show_image_overlay=&#8221;on&#8221;][\/et_pb_video_slider_item][\/et_pb_video_slider][et_pb_text _builder_version=&#8221;4.17.3&#8243; _module_preset=&#8221;default&#8221; global_colors_info=&#8221;{}&#8221;]<\/p>\n<p>Landing page o\u015brodka terapii<\/p>\n<p>[\/et_pb_text][dsm_masonry_gallery gallery_ids=&#8221;111&#8243; columns=&#8221;1&#8243; use_lightbox=&#8221;on&#8221; _builder_version=&#8221;4.17.3&#8243; _module_preset=&#8221;default&#8221; global_colors_info=&#8221;{}&#8221;][\/dsm_masonry_gallery][\/et_pb_column][\/et_pb_row][\/et_pb_section]<\/p>\n","protected":false},"excerpt":{"rendered":"<p><div class=\"et_pb_module dsm_text_divider dsm_text_divider_0\">\n\t\t\t\t\n\t\t\t\t\n\t\t\t\t\n\t\t\t\t\n\t\t\t\t\n\t\t\t\t\n\t\t\t\t<div class=\"et_pb_module_inner\">\n\t\t\t\t\t<div class=\"dsm-text-divider-wrapper dsm-text-divider-align-center et_pb_bg_layout_light\">\n\t\t\t\t\n\t\t\t\t\n\t\t\t\t<div class=\"dsm-text-divider-before dsm-divider\"><\/div>\n\t\t\t\t<h3 class=\"dsm-text-divider-header et_pb_module_header\"><span>Kim w\u0142a\u015bciwie jestem?<\/span><\/h3>\n\t\t\t\t<div class=\"dsm-text-divider-after dsm-divider\"><\/div>\n\t\t\t<\/div>\n\t\t\t\t<\/div>\n\t\t\t<\/div>Kim w\u0142a\u015bciwie jestem?Nazywam si\u0119 Klaudia Pietrzak i mieszkam w Gda\u0144sku. Tutaj si\u0119 urodzi\u0142am, studiowa\u0142am i zapu\u015bci\u0142am korzenie. Moim ostatnim miejscem pracy by\u0142a agencja marketingowa z Wroc\u0142awia. W 3-osobowym zespole zajmowa\u0142am stanowisko m\u0142odszej specjalistki ds. marketingu, ale jak to w ma\u0142ych firmach bywa, zajmowa\u0142am si\u0119 tak\u017ce grafik\u0105, projektowaniem [&hellip;]<\/p>\n","protected":false},"author":1,"featured_media":0,"parent":0,"menu_order":0,"comment_status":"closed","ping_status":"closed","template":"","meta":{"_et_pb_use_builder":"on","_et_pb_old_content":"","_et_gb_content_width":""},"yoast_head":"<!-- This site is optimized with the Yoast SEO plugin v19.13 - https:\/\/yoast.com\/wordpress\/plugins\/seo\/ -->\n<title>Strona g\u0142\u00f3wna - klaudiapietrzak.pl<\/title>\n<meta name=\"robots\" content=\"index, follow, max-snippet:-1, max-image-preview:large, max-video-preview:-1\" \/>\n<link rel=\"canonical\" href=\"https:\/\/klaudiapietrzak.pl\/\" \/>\n<meta property=\"og:locale\" content=\"pl_PL\" \/>\n<meta property=\"og:type\" content=\"article\" \/>\n<meta property=\"og:title\" content=\"Strona g\u0142\u00f3wna - klaudiapietrzak.pl\" \/>\n<meta property=\"og:description\" content=\"Kim w\u0142a\u015bciwie jestem?Nazywam si\u0119 Klaudia Pietrzak i mieszkam w Gda\u0144sku. Tutaj si\u0119 urodzi\u0142am, studiowa\u0142am i zapu\u015bci\u0142am korzenie. Moim ostatnim miejscem pracy by\u0142a agencja marketingowa z Wroc\u0142awia. W 3-osobowym zespole zajmowa\u0142am stanowisko m\u0142odszej specjalistki ds. marketingu, ale jak to w ma\u0142ych firmach bywa, zajmowa\u0142am si\u0119 tak\u017ce grafik\u0105, projektowaniem [&hellip;]\" \/>\n<meta property=\"og:url\" content=\"https:\/\/klaudiapietrzak.pl\/\" \/>\n<meta property=\"og:site_name\" content=\"klaudiapietrzak.pl\" \/>\n<meta property=\"article:modified_time\" content=\"2023-01-02T23:26:38+00:00\" \/>\n<meta name=\"twitter:card\" content=\"summary_large_image\" \/>\n<meta name=\"twitter:label1\" content=\"Szacowany czas czytania\" \/>\n\t<meta name=\"twitter:data1\" content=\"4 minuty\" \/>\n<script type=\"application\/ld+json\" class=\"yoast-schema-graph\">{\"@context\":\"https:\/\/schema.org\",\"@graph\":[{\"@type\":\"WebPage\",\"@id\":\"https:\/\/klaudiapietrzak.pl\/\",\"url\":\"https:\/\/klaudiapietrzak.pl\/\",\"name\":\"Strona g\u0142\u00f3wna - klaudiapietrzak.pl\",\"isPartOf\":{\"@id\":\"https:\/\/klaudiapietrzak.pl\/#website\"},\"datePublished\":\"2023-01-02T19:38:36+00:00\",\"dateModified\":\"2023-01-02T23:26:38+00:00\",\"breadcrumb\":{\"@id\":\"https:\/\/klaudiapietrzak.pl\/#breadcrumb\"},\"inLanguage\":\"pl-PL\",\"potentialAction\":[{\"@type\":\"ReadAction\",\"target\":[\"https:\/\/klaudiapietrzak.pl\/\"]}]},{\"@type\":\"BreadcrumbList\",\"@id\":\"https:\/\/klaudiapietrzak.pl\/#breadcrumb\",\"itemListElement\":[{\"@type\":\"ListItem\",\"position\":1,\"name\":\"Strona g\u0142\u00f3wna\",\"item\":\"https:\/\/klaudiapietrzak.pl\/\"},{\"@type\":\"ListItem\",\"position\":2,\"name\":\"Strona g\u0142\u00f3wna\"}]},{\"@type\":\"WebSite\",\"@id\":\"https:\/\/klaudiapietrzak.pl\/#website\",\"url\":\"https:\/\/klaudiapietrzak.pl\/\",\"name\":\"klaudiapietrzak.pl\",\"description\":\"Odwied\u017a moje portfolio\",\"potentialAction\":[{\"@type\":\"SearchAction\",\"target\":{\"@type\":\"EntryPoint\",\"urlTemplate\":\"https:\/\/klaudiapietrzak.pl\/?s={search_term_string}\"},\"query-input\":\"required name=search_term_string\"}],\"inLanguage\":\"pl-PL\"}]}<\/script>\n<!-- \/ Yoast SEO plugin. -->","yoast_head_json":{"title":"Strona g\u0142\u00f3wna - klaudiapietrzak.pl","robots":{"index":"index","follow":"follow","max-snippet":"max-snippet:-1","max-image-preview":"max-image-preview:large","max-video-preview":"max-video-preview:-1"},"canonical":"https:\/\/klaudiapietrzak.pl\/","og_locale":"pl_PL","og_type":"article","og_title":"Strona g\u0142\u00f3wna - klaudiapietrzak.pl","og_description":"Kim w\u0142a\u015bciwie jestem?Nazywam si\u0119 Klaudia Pietrzak i mieszkam w Gda\u0144sku. Tutaj si\u0119 urodzi\u0142am, studiowa\u0142am i zapu\u015bci\u0142am korzenie. Moim ostatnim miejscem pracy by\u0142a agencja marketingowa z Wroc\u0142awia. W 3-osobowym zespole zajmowa\u0142am stanowisko m\u0142odszej specjalistki ds. marketingu, ale jak to w ma\u0142ych firmach bywa, zajmowa\u0142am si\u0119 tak\u017ce grafik\u0105, projektowaniem [&hellip;]","og_url":"https:\/\/klaudiapietrzak.pl\/","og_site_name":"klaudiapietrzak.pl","article_modified_time":"2023-01-02T23:26:38+00:00","twitter_card":"summary_large_image","twitter_misc":{"Szacowany czas czytania":"4 minuty"},"schema":{"@context":"https:\/\/schema.org","@graph":[{"@type":"WebPage","@id":"https:\/\/klaudiapietrzak.pl\/","url":"https:\/\/klaudiapietrzak.pl\/","name":"Strona g\u0142\u00f3wna - klaudiapietrzak.pl","isPartOf":{"@id":"https:\/\/klaudiapietrzak.pl\/#website"},"datePublished":"2023-01-02T19:38:36+00:00","dateModified":"2023-01-02T23:26:38+00:00","breadcrumb":{"@id":"https:\/\/klaudiapietrzak.pl\/#breadcrumb"},"inLanguage":"pl-PL","potentialAction":[{"@type":"ReadAction","target":["https:\/\/klaudiapietrzak.pl\/"]}]},{"@type":"BreadcrumbList","@id":"https:\/\/klaudiapietrzak.pl\/#breadcrumb","itemListElement":[{"@type":"ListItem","position":1,"name":"Strona g\u0142\u00f3wna","item":"https:\/\/klaudiapietrzak.pl\/"},{"@type":"ListItem","position":2,"name":"Strona g\u0142\u00f3wna"}]},{"@type":"WebSite","@id":"https:\/\/klaudiapietrzak.pl\/#website","url":"https:\/\/klaudiapietrzak.pl\/","name":"klaudiapietrzak.pl","description":"Odwied\u017a moje portfolio","potentialAction":[{"@type":"SearchAction","target":{"@type":"EntryPoint","urlTemplate":"https:\/\/klaudiapietrzak.pl\/?s={search_term_string}"},"query-input":"required name=search_term_string"}],"inLanguage":"pl-PL"}]}},"_links":{"self":[{"href":"https:\/\/klaudiapietrzak.pl\/index.php?rest_route=\/wp\/v2\/pages\/25"}],"collection":[{"href":"https:\/\/klaudiapietrzak.pl\/index.php?rest_route=\/wp\/v2\/pages"}],"about":[{"href":"https:\/\/klaudiapietrzak.pl\/index.php?rest_route=\/wp\/v2\/types\/page"}],"author":[{"embeddable":true,"href":"https:\/\/klaudiapietrzak.pl\/index.php?rest_route=\/wp\/v2\/users\/1"}],"replies":[{"embeddable":true,"href":"https:\/\/klaudiapietrzak.pl\/index.php?rest_route=%2Fwp%2Fv2%2Fcomments&post=25"}],"version-history":[{"count":59,"href":"https:\/\/klaudiapietrzak.pl\/index.php?rest_route=\/wp\/v2\/pages\/25\/revisions"}],"predecessor-version":[{"id":217,"href":"https:\/\/klaudiapietrzak.pl\/index.php?rest_route=\/wp\/v2\/pages\/25\/revisions\/217"}],"wp:attachment":[{"href":"https:\/\/klaudiapietrzak.pl\/index.php?rest_route=%2Fwp%2Fv2%2Fmedia&parent=25"}],"curies":[{"name":"wp","href":"https:\/\/api.w.org\/{rel}","templated":true}]}}